{"id":310,"date":"2020-09-04T18:16:07","date_gmt":"2020-09-04T16:16:07","guid":{"rendered":"http:\/\/www.lortosultetto.it\/?page_id=310"},"modified":"2020-10-02T08:45:54","modified_gmt":"2020-10-02T06:45:54","slug":"matrimoniale-limone","status":"publish","type":"page","link":"http:\/\/www.lortosultetto.it\/en\/matrimoniale-limone\/","title":{"rendered":"Double Room Limone"},"content":{"rendered":"<p>Se volete trascorrere una vacanza da sogno nel pieno centro di Ragusa Ibla questa \u00e8 la struttura che fa per voi, e la stanza Limone \u00e8 certamente una delle pi\u00f9 rappresentative del Bed &amp; brekfast. La camera \u00e8 ben soleggiata con un piccolo balconcino che da sul prospetto principale del B&amp;B, proprio sulla strada che di l\u00ec poche centinaia di metri arriva al duomo di Ragusa Ibla, in pratica una sorta di miniappartamento dati gli ampi spazi di cui gode, ed il privilegio di esser l&#8217;unica camera nel piano d&#8217;ingresso, quindi di godere della massima privacy e riservatezza.<\/p>\n\n    <style>\n        #slgf_317 .b-link-stroke .b-top-line {\n            background: rgba(10, 194, 210, 0.5);\n        }\n\n        #slgf_317 .b-link-stroke .b-bottom-line {\n            background: rgba(10, 194, 210, 0.5);\n        }\n\n        #slgf_317 .b-wrapper {\n            font-family: Arial;\n        \/ \/ real name pass here\n        }\n\n        @media (min-width: 992px) {\n            #slgf_317 .col-md-6 {\n                width: 48% !important;\n                padding-right: 5px;\n                padding-left: 5px;\n                float: left; \n            }\n\n            #slgf_317 .col-md-4 {\n                width: 33.30% !important;\n            }\n\n            #slgf_317 .col-md-3 {\n                width: 24.90% !important;\n            }\n\n            #slgf_317 .col-md-2 {\n                width: 16.60% !important;\n            }\n        }\n\n        #slgf_317 .slgf_home_portfolio_caption {\n            background: #FFFFFF;\n        }\n\n        #slgf_317 .slgf_home_portfolio_caption h3 {\n            color: #000000;\n        }\n\n                #slgf_317 .img-box-shadow {\n            box-shadow: 0 0 6px rgba(0, 0, 0, .7);\n        }\n\n                .fnf {\n            background-color: #a92929;\n            border-radius: 5px;\n            color: #fff;\n            font-family: initial;\n            text-align: center;\n            padding: 12px;\n        }\n\n            <\/style>\n\t\n    <div class=\"gal-container\" id=\"slgf_317\">\n\t\t            <!--get the post id-->\n\t\t\t\n            <!--Gallery Title-->\n\t\t\t                <div style=\"font-weight: bolder; padding-bottom:20px; border-bottom:2px solid #cccccc;margin-bottom: 20px;font-family: Arial\">\n\t\t\t\t\t(Italiano) Limoni                <\/div>\n\t\t\t\n            <div class=\"gallery1\">\n\t\t\t\t                        <div class=\"col-md-6 col-sm-6 wl-gallery\">\n                            <div class=\"img-box-shadow\">\n\n\t\t\t\t\t\t\t\t                                <a title=\"\" class=\"swipebox_317\"\n                                   href=\"http:\/\/www.lortosultetto.it\/wp-content\/uploads\/2016\/03\/limone-particolare-.jpg\">\n                                    <div class=\"b-link-stroke b-animate-go\">\n                                        <img src=\"http:\/\/www.lortosultetto.it\/wp-content\/uploads\/2016\/03\/limone-particolare-.jpg\" class=\"gall-img-responsive\"\n                                             alt=\"limone particolare\">\n                                    <\/div>\n                                <\/a>\n\n                                <!--Gallery Label-->\n\t\t\t\t\t\t\t\t                            <\/div>\n                        <\/div>\n\t\t\t\t\t\t                        <div class=\"col-md-6 col-sm-6 wl-gallery\">\n                            <div class=\"img-box-shadow\">\n\n\t\t\t\t\t\t\t\t                                <a title=\"\" class=\"swipebox_317\"\n                                   href=\"http:\/\/www.lortosultetto.it\/wp-content\/uploads\/2016\/03\/limone-rifatta-.jpg\">\n                                    <div class=\"b-link-stroke b-animate-go\">\n                                        <img src=\"http:\/\/www.lortosultetto.it\/wp-content\/uploads\/2016\/03\/limone-rifatta-.jpg\" class=\"gall-img-responsive\"\n                                             alt=\"limone rifatta\">\n                                    <\/div>\n                                <\/a>\n\n                                <!--Gallery Label-->\n\t\t\t\t\t\t\t\t                            <\/div>\n                        <\/div>\n\t\t\t\t\t\t                        <div class=\"col-md-6 col-sm-6 wl-gallery\">\n                            <div class=\"img-box-shadow\">\n\n\t\t\t\t\t\t\t\t                                <a title=\"\" class=\"swipebox_317\"\n                                   href=\"http:\/\/www.lortosultetto.it\/wp-content\/uploads\/2016\/03\/limone-.jpg\">\n                                    <div class=\"b-link-stroke b-animate-go\">\n                                        <img src=\"http:\/\/www.lortosultetto.it\/wp-content\/uploads\/2016\/03\/limone-.jpg\" class=\"gall-img-responsive\"\n                                             alt=\"limone\">\n                                    <\/div>\n                                <\/a>\n\n                                <!--Gallery Label-->\n\t\t\t\t\t\t\t\t                            <\/div>\n                        <\/div>\n\t\t\t\t\t\t            <\/div>\n\t\t    <\/div>\n\n    <!-- Swipe Box-->\n    <script type=\"text\/javascript\">\n        jQuery(document).ready(function () {\n            ;(function (jQuery) {\n                jQuery('.swipebox_317').swipebox({\n                    hideBarsDelay: 0,\n                    hideBarsOnMobile: false,\n                    hideCloseButtonOnMobile: false, \/\/ true will hide the close button on mobile devices\n                    loopAtEnd: true, \/\/ true will return to the first image after the last image is reached\n\n                });\n            })(jQuery);\n\n\n            jQuery('.gallery1').imagesLoaded(function () {\n                jQuery('.gallery1').masonry({\n                    itemSelector: '.wl-gallery',\n                    isAnimated: true,\n                    isFitWidth: true\n                });\n            });\n        });\n    <\/script>\n\n\t\t\n<p style=\"text-align: center;\"><a class=\"rrp-widget-open-modal\" href=\"#\"><img loading=\"lazy\" class=\"alignnone size-medium wp-image-386\" src=\"http:\/\/www.lortosultetto.it\/wp-content\/uploads\/2020\/10\/pulsante-prenota-custom-cq2-300x132.png\" alt=\"\" width=\"300\" height=\"132\" srcset=\"http:\/\/www.lortosultetto.it\/wp-content\/uploads\/2020\/10\/pulsante-prenota-custom-cq2-300x132.png 300w, http:\/\/www.lortosultetto.it\/wp-content\/uploads\/2020\/10\/pulsante-prenota-custom-cq2.png 352w\" sizes=\"(max-width: 300px) 100vw, 300px\" \/><\/a><\/p>\n","protected":false},"excerpt":{"rendered":"<p>Se volete trascorrere una vacanza da sogno nel pieno centro di Ragusa Ibla questa \u00e8 la struttura che fa per voi, e la stanza Limone \u00e8 certamente una delle pi\u00f9 rappresentative del Bed &amp; brekfast. La camera \u00e8 ben soleggiata con un piccolo balconcino che da sul prospetto principale del B&amp;B, proprio sulla strada che [&hellip;]<\/p>\n","protected":false},"author":1,"featured_media":0,"parent":0,"menu_order":0,"comment_status":"closed","ping_status":"closed","template":"page-no-sidebar.php","meta":[],"_links":{"self":[{"href":"http:\/\/www.lortosultetto.it\/en\/wp-json\/wp\/v2\/pages\/310"}],"collection":[{"href":"http:\/\/www.lortosultetto.it\/en\/wp-json\/wp\/v2\/pages"}],"about":[{"href":"http:\/\/www.lortosultetto.it\/en\/wp-json\/wp\/v2\/types\/page"}],"author":[{"embeddable":true,"href":"http:\/\/www.lortosultetto.it\/en\/wp-json\/wp\/v2\/users\/1"}],"replies":[{"embeddable":true,"href":"http:\/\/www.lortosultetto.it\/en\/wp-json\/wp\/v2\/comments?post=310"}],"version-history":[{"count":8,"href":"http:\/\/www.lortosultetto.it\/en\/wp-json\/wp\/v2\/pages\/310\/revisions"}],"predecessor-version":[{"id":397,"href":"http:\/\/www.lortosultetto.it\/en\/wp-json\/wp\/v2\/pages\/310\/revisions\/397"}],"wp:attachment":[{"href":"http:\/\/www.lortosultetto.it\/en\/wp-json\/wp\/v2\/media?parent=310"}],"curies":[{"name":"wp","href":"https:\/\/api.w.org\/{rel}","templated":true}]}}