{"id":313,"date":"2020-09-04T18:19:49","date_gmt":"2020-09-04T16:19:49","guid":{"rendered":"http:\/\/www.lortosultetto.it\/?page_id=313"},"modified":"2020-10-02T08:47:57","modified_gmt":"2020-10-02T06:47:57","slug":"matrimoniale-ortensia","status":"publish","type":"page","link":"http:\/\/www.lortosultetto.it\/en\/matrimoniale-ortensia\/","title":{"rendered":"Double Room Ortensia"},"content":{"rendered":"<p>La Ortensia \u00e8 una delle due camere del Bed and Brekfast pi\u00f9 vicine all&#8217;Orto appunto sul tetto dello stabile. Essendo una delle camere del secondo piano da qui \u00e8 possibile godere della vicinanza del verde dell&#8217;orto, ma anche di un panorama molto suggestivo. Ortensia \u00e8 una camera doppia che, come tutte le altre stanze del B&amp;B ha un bagno in camera ad uso esclusivo attrezzato di tutto punto; come le altre camere ha un suo impianto di climatizzazione indipendente, tv, wi-fi ed ogni comfort che si possa desiderare per fare del vostro soggiorno una vacanza indimenticabile.<\/p>\n<p>\n    <style>\n        #slgf_322 .b-link-stroke .b-top-line {\n            background: rgba(10, 194, 210, 0.5);\n        }\n\n        #slgf_322 .b-link-stroke .b-bottom-line {\n            background: rgba(10, 194, 210, 0.5);\n        }\n\n        #slgf_322 .b-wrapper {\n            font-family: Arial;\n        \/ \/ real name pass here\n        }\n\n        @media (min-width: 992px) {\n            #slgf_322 .col-md-6 {\n                width: 48% !important;\n                padding-right: 5px;\n                padding-left: 5px;\n                float: left; \n            }\n\n            #slgf_322 .col-md-4 {\n                width: 33.30% !important;\n            }\n\n            #slgf_322 .col-md-3 {\n                width: 24.90% !important;\n            }\n\n            #slgf_322 .col-md-2 {\n                width: 16.60% !important;\n            }\n        }\n\n        #slgf_322 .slgf_home_portfolio_caption {\n            background: #FFFFFF;\n        }\n\n        #slgf_322 .slgf_home_portfolio_caption h3 {\n            color: #000000;\n        }\n\n                #slgf_322 .img-box-shadow {\n            box-shadow: 0 0 6px rgba(0, 0, 0, .7);\n        }\n\n                .fnf {\n            background-color: #a92929;\n            border-radius: 5px;\n            color: #fff;\n            font-family: initial;\n            text-align: center;\n            padding: 12px;\n        }\n\n            <\/style>\n\t\n    <div class=\"gal-container\" id=\"slgf_322\">\n\t\t            <!--get the post id-->\n\t\t\t\n            <!--Gallery Title-->\n\t\t\t                <div style=\"font-weight: bolder; padding-bottom:20px; border-bottom:2px solid #cccccc;margin-bottom: 20px;font-family: Arial\">\n\t\t\t\t\t(Italiano) ortensia                <\/div>\n\t\t\t\n            <div class=\"gallery1\">\n\t\t\t\t                        <div class=\"col-md-6 col-sm-6 wl-gallery\">\n                            <div class=\"img-box-shadow\">\n\n\t\t\t\t\t\t\t\t                                <a title=\"\" class=\"swipebox_322\"\n                                   href=\"http:\/\/www.lortosultetto.it\/wp-content\/uploads\/2016\/03\/camera-ortensiacrw.jpg\">\n                                    <div class=\"b-link-stroke b-animate-go\">\n                                        <img src=\"http:\/\/www.lortosultetto.it\/wp-content\/uploads\/2016\/03\/camera-ortensiacrw.jpg\" class=\"gall-img-responsive\"\n                                             alt=\"camera ortensia\">\n                                    <\/div>\n                                <\/a>\n\n                                <!--Gallery Label-->\n\t\t\t\t\t\t\t\t                            <\/div>\n                        <\/div>\n\t\t\t\t\t\t                        <div class=\"col-md-6 col-sm-6 wl-gallery\">\n                            <div class=\"img-box-shadow\">\n\n\t\t\t\t\t\t\t\t                                <a title=\"\" class=\"swipebox_322\"\n                                   href=\"http:\/\/www.lortosultetto.it\/wp-content\/uploads\/2016\/03\/ortensia-beb-ibla.jpg\">\n                                    <div class=\"b-link-stroke b-animate-go\">\n                                        <img src=\"http:\/\/www.lortosultetto.it\/wp-content\/uploads\/2016\/03\/ortensia-beb-ibla.jpg\" class=\"gall-img-responsive\"\n                                             alt=\"ortensia-beb-ibla\">\n                                    <\/div>\n                                <\/a>\n\n                                <!--Gallery Label-->\n\t\t\t\t\t\t\t\t                            <\/div>\n                        <\/div>\n\t\t\t\t\t\t            <\/div>\n\t\t    <\/div>\n\n    <!-- Swipe Box-->\n    <script type=\"text\/javascript\">\n        jQuery(document).ready(function () {\n            ;(function (jQuery) {\n                jQuery('.swipebox_322').swipebox({\n                    hideBarsDelay: 0,\n                    hideBarsOnMobile: false,\n                    hideCloseButtonOnMobile: false, \/\/ true will hide the close button on mobile devices\n                    loopAtEnd: true, \/\/ true will return to the first image after the last image is reached\n\n                });\n            })(jQuery);\n\n\n            jQuery('.gallery1').imagesLoaded(function () {\n                jQuery('.gallery1').masonry({\n                    itemSelector: '.wl-gallery',\n                    isAnimated: true,\n                    isFitWidth: true\n                });\n            });\n        });\n    <\/script>\n\n\t\t<\/p>","protected":false},"excerpt":{"rendered":"<p>La Ortensia \u00e8 una delle due camere del Bed and Brekfast pi\u00f9 vicine all&#8217;Orto appunto sul tetto dello stabile. Essendo una delle camere del secondo piano da qui \u00e8 possibile godere della vicinanza del verde dell&#8217;orto, ma anche di un panorama molto suggestivo. Ortensia \u00e8 una camera doppia che, come tutte le altre stanze del [&hellip;]<\/p>\n","protected":false},"author":1,"featured_media":0,"parent":0,"menu_order":0,"comment_status":"closed","ping_status":"closed","template":"page-no-sidebar.php","meta":[],"_links":{"self":[{"href":"http:\/\/www.lortosultetto.it\/en\/wp-json\/wp\/v2\/pages\/313"}],"collection":[{"href":"http:\/\/www.lortosultetto.it\/en\/wp-json\/wp\/v2\/pages"}],"about":[{"href":"http:\/\/www.lortosultetto.it\/en\/wp-json\/wp\/v2\/types\/page"}],"author":[{"embeddable":true,"href":"http:\/\/www.lortosultetto.it\/en\/wp-json\/wp\/v2\/users\/1"}],"replies":[{"embeddable":true,"href":"http:\/\/www.lortosultetto.it\/en\/wp-json\/wp\/v2\/comments?post=313"}],"version-history":[{"count":6,"href":"http:\/\/www.lortosultetto.it\/en\/wp-json\/wp\/v2\/pages\/313\/revisions"}],"predecessor-version":[{"id":399,"href":"http:\/\/www.lortosultetto.it\/en\/wp-json\/wp\/v2\/pages\/313\/revisions\/399"}],"wp:attachment":[{"href":"http:\/\/www.lortosultetto.it\/en\/wp-json\/wp\/v2\/media?parent=313"}],"curies":[{"name":"wp","href":"https:\/\/api.w.org\/{rel}","templated":true}]}}