{"id":330,"date":"2020-09-14T10:49:56","date_gmt":"2020-09-14T08:49:56","guid":{"rendered":"http:\/\/www.lortosultetto.it\/?page_id=330"},"modified":"2020-10-02T08:46:35","modified_gmt":"2020-10-02T06:46:35","slug":"matrimoniale-gelso","status":"publish","type":"page","link":"http:\/\/www.lortosultetto.it\/en\/matrimoniale-gelso\/","title":{"rendered":"Double Room Gelso"},"content":{"rendered":"<p>La Gelso \u00e8 una camera indipendente, luminosa e spaziosa con affaccio sul balcone proprio sopra l&#8217;ingresso del B%B. Il Gelso \u00e8 una stanza molto calda e accogliente per il suo colore giallo, ed i tessuti pregiati dei tendaggi; gelso \u00e8 chiaramente una stanza con bagno in camera in uso esclusivo provvisto di doccia e asciugacapelli. La camera ha naturalmente un impianto indipendente di aria condizionata, tv e collegamento wi-fi gratuito. La biancheria da bagno e da letto \u00e8 curata nei particolari con pulizia giornaliera. Qui all&#8217;orto sul tetto nulla \u00e8 lasciato al caso ed il nostro ospite ha sempre un trattamento di riguardo che contraddistingue da sempre questo bed &amp; breakfast che mira a fare della cordialit\u00e0, la pulizia e la qualit\u00e0 dei servizi i maggiori punti di forza.<\/p>\n<p>\n    <style>\n        #slgf_332 .b-link-stroke .b-top-line {\n            background: rgba(10, 194, 210, 0.5);\n        }\n\n        #slgf_332 .b-link-stroke .b-bottom-line {\n            background: rgba(10, 194, 210, 0.5);\n        }\n\n        #slgf_332 .b-wrapper {\n            font-family: Arial;\n        \/ \/ real name pass here\n        }\n\n        @media (min-width: 992px) {\n            #slgf_332 .col-md-6 {\n                width: 48% !important;\n                padding-right: 5px;\n                padding-left: 5px;\n                float: left; \n            }\n\n            #slgf_332 .col-md-4 {\n                width: 33.30% !important;\n            }\n\n            #slgf_332 .col-md-3 {\n                width: 24.90% !important;\n            }\n\n            #slgf_332 .col-md-2 {\n                width: 16.60% !important;\n            }\n        }\n\n        #slgf_332 .slgf_home_portfolio_caption {\n            background: #FFFFFF;\n        }\n\n        #slgf_332 .slgf_home_portfolio_caption h3 {\n            color: #000000;\n        }\n\n                #slgf_332 .img-box-shadow {\n            box-shadow: 0 0 6px rgba(0, 0, 0, .7);\n        }\n\n                .fnf {\n            background-color: #a92929;\n            border-radius: 5px;\n            color: #fff;\n            font-family: initial;\n            text-align: center;\n            padding: 12px;\n        }\n\n            <\/style>\n\t\n    <div class=\"gal-container\" id=\"slgf_332\">\n\t\t            <!--get the post id-->\n\t\t\t\n            <!--Gallery Title-->\n\t\t\t                <div style=\"font-weight: bolder; padding-bottom:20px; border-bottom:2px solid #cccccc;margin-bottom: 20px;font-family: Arial\">\n\t\t\t\t\t(Italiano) Gelso                <\/div>\n\t\t\t\n            <div class=\"gallery1\">\n\t\t\t\t                        <div class=\"col-md-6 col-sm-6 wl-gallery\">\n                            <div class=\"img-box-shadow\">\n\n\t\t\t\t\t\t\t\t                                <a title=\"\" class=\"swipebox_332\"\n                                   href=\"http:\/\/www.lortosultetto.it\/wp-content\/uploads\/2016\/03\/Gelso-letto-.jpg\">\n                                    <div class=\"b-link-stroke b-animate-go\">\n                                        <img src=\"http:\/\/www.lortosultetto.it\/wp-content\/uploads\/2016\/03\/Gelso-letto-.jpg\" class=\"gall-img-responsive\"\n                                             alt=\"Gelso\">\n                                    <\/div>\n                                <\/a>\n\n                                <!--Gallery Label-->\n\t\t\t\t\t\t\t\t                            <\/div>\n                        <\/div>\n\t\t\t\t\t\t                        <div class=\"col-md-6 col-sm-6 wl-gallery\">\n                            <div class=\"img-box-shadow\">\n\n\t\t\t\t\t\t\t\t                                <a title=\"\" class=\"swipebox_332\"\n                                   href=\"http:\/\/www.lortosultetto.it\/wp-content\/uploads\/2016\/03\/gelso-.jpg\">\n                                    <div class=\"b-link-stroke b-animate-go\">\n                                        <img src=\"http:\/\/www.lortosultetto.it\/wp-content\/uploads\/2016\/03\/gelso-.jpg\" class=\"gall-img-responsive\"\n                                             alt=\"BB Ibla - Camera Gelso\">\n                                    <\/div>\n                                <\/a>\n\n                                <!--Gallery Label-->\n\t\t\t\t\t\t\t\t                            <\/div>\n                        <\/div>\n\t\t\t\t\t\t                        <div class=\"col-md-6 col-sm-6 wl-gallery\">\n                            <div class=\"img-box-shadow\">\n\n\t\t\t\t\t\t\t\t                                <a title=\"\" class=\"swipebox_332\"\n                                   href=\"http:\/\/www.lortosultetto.it\/wp-content\/uploads\/2016\/03\/gelso-2-.jpg\">\n                                    <div class=\"b-link-stroke b-animate-go\">\n                                        <img src=\"http:\/\/www.lortosultetto.it\/wp-content\/uploads\/2016\/03\/gelso-2-.jpg\" class=\"gall-img-responsive\"\n                                             alt=\"gelso 2\">\n                                    <\/div>\n                                <\/a>\n\n                                <!--Gallery Label-->\n\t\t\t\t\t\t\t\t                            <\/div>\n                        <\/div>\n\t\t\t\t\t\t            <\/div>\n\t\t    <\/div>\n\n    <!-- Swipe Box-->\n    <script type=\"text\/javascript\">\n        jQuery(document).ready(function () {\n            ;(function (jQuery) {\n                jQuery('.swipebox_332').swipebox({\n                    hideBarsDelay: 0,\n                    hideBarsOnMobile: false,\n                    hideCloseButtonOnMobile: false, \/\/ true will hide the close button on mobile devices\n                    loopAtEnd: true, \/\/ true will return to the first image after the last image is reached\n\n                });\n            })(jQuery);\n\n\n            jQuery('.gallery1').imagesLoaded(function () {\n                jQuery('.gallery1').masonry({\n                    itemSelector: '.wl-gallery',\n                    isAnimated: true,\n                    isFitWidth: true\n                });\n            });\n        });\n    <\/script>\n\n\t\t<\/p>","protected":false},"excerpt":{"rendered":"<p>La Gelso \u00e8 una camera indipendente, luminosa e spaziosa con affaccio sul balcone proprio sopra l&#8217;ingresso del B%B. Il Gelso \u00e8 una stanza molto calda e accogliente per il suo colore giallo, ed i tessuti pregiati dei tendaggi; gelso \u00e8 chiaramente una stanza con bagno in camera in uso esclusivo provvisto di doccia e asciugacapelli. [&hellip;]<\/p>\n","protected":false},"author":1,"featured_media":0,"parent":0,"menu_order":0,"comment_status":"closed","ping_status":"closed","template":"page-no-sidebar.php","meta":[],"_links":{"self":[{"href":"http:\/\/www.lortosultetto.it\/en\/wp-json\/wp\/v2\/pages\/330"}],"collection":[{"href":"http:\/\/www.lortosultetto.it\/en\/wp-json\/wp\/v2\/pages"}],"about":[{"href":"http:\/\/www.lortosultetto.it\/en\/wp-json\/wp\/v2\/types\/page"}],"author":[{"embeddable":true,"href":"http:\/\/www.lortosultetto.it\/en\/wp-json\/wp\/v2\/users\/1"}],"replies":[{"embeddable":true,"href":"http:\/\/www.lortosultetto.it\/en\/wp-json\/wp\/v2\/comments?post=330"}],"version-history":[{"count":9,"href":"http:\/\/www.lortosultetto.it\/en\/wp-json\/wp\/v2\/pages\/330\/revisions"}],"predecessor-version":[{"id":398,"href":"http:\/\/www.lortosultetto.it\/en\/wp-json\/wp\/v2\/pages\/330\/revisions\/398"}],"wp:attachment":[{"href":"http:\/\/www.lortosultetto.it\/en\/wp-json\/wp\/v2\/media?parent=330"}],"curies":[{"name":"wp","href":"https:\/\/api.w.org\/{rel}","templated":true}]}}